{"id":12684,"date":"2021-06-25T09:02:00","date_gmt":"2021-06-25T06:02:00","guid":{"rendered":"https:\/\/www.kariyer.net\/kariyer-rehberi\/?page_id=12684"},"modified":"2021-06-25T09:02:00","modified_gmt":"2021-06-25T06:02:00","slug":"ozden-yilmaz","status":"publish","type":"page","link":"https:\/\/www.kariyer.net\/kariyer-rehberi\/ozden-yilmaz\/","title":{"rendered":"\u00d6zden Y\u0131lmaz"},"content":{"rendered":"<p><a href=\"https:\/\/www.kariyer.net\/kariyer-rehberi\/wp-content\/uploads\/2021\/06\/ozden_yilmaz.jpeg\"><img decoding=\"async\" class=\"wp-image-15039 alignleft\" src=\"https:\/\/www.kariyer.net\/kariyer-rehberi\/wp-content\/uploads\/2021\/06\/ozden_yilmaz.jpeg\" alt=\"\" width=\"114\" height=\"114\" \/><\/a>Kocaeli \u00dcniversitesi \u0130leti\u015fim Fak\u00fcltesi mezunu olan \u00d6zden, Bilgi \u00dcniversitesi\u2019nde \u0130nteraktif Pazarlama alan\u0131nda y\u00fcksek lisans yapm\u0131\u015ft\u0131r. Lisans \u00f6\u011freniminin ilk y\u0131llar\u0131nda TRT Haber\u2019de asistan muhabirlik yaparak meslek hayat\u0131na ba\u015flam\u0131\u015ft\u0131r. Mezun olduktan sonra farkl\u0131 d\u00f6nemlerde TV8 Haber ve Cem TV\u2019de; yap\u0131mc\u0131, y\u00f6netmen ve edit\u00f6r olarak g\u00f6rev alm\u0131\u015ft\u0131r. Dijital d\u00fcnyadaki geli\u015fmelerle birlikte editoryal deneyimini online platformlara ta\u015f\u0131m\u0131\u015f, Markafoni\u2019de ve Mudo\u2019da i\u00e7erik edit\u00f6rl\u00fc\u011f\u00fc yapm\u0131\u015ft\u0131r. Kurumsal markalar i\u00e7in freelance SEO edit\u00f6rl\u00fc\u011f\u00fc de yapan \u00d6zden, 2018 y\u0131l\u0131 itibar\u0131yla kariyerine, Kariyer.net i\u00e7erik edit\u00f6r\u00fc olarak devam etmekte ve online\/offline i\u00e7erik \u00fcretmektedir.<\/p>\n","protected":false},"excerpt":{"rendered":"<p>Kocaeli \u00dcniversitesi \u0130leti\u015fim Fak\u00fcltesi mezunu olan \u00d6zden, Bilgi \u00dcniversitesi\u2019nde \u0130nteraktif Pazarlama alan\u0131nda y\u00fcksek lisans yapm\u0131\u015ft\u0131r. Lisans \u00f6\u011freniminin ilk y\u0131llar\u0131nda TRT Haber\u2019de asistan muhabirlik yaparak meslek hayat\u0131na ba\u015flam\u0131\u015ft\u0131r. Mezun olduktan sonra farkl\u0131 d\u00f6nemlerde TV8 Haber ve Cem TV\u2019de; yap\u0131mc\u0131, y\u00f6netmen ve edit\u00f6r olarak g\u00f6rev alm\u0131\u015ft\u0131r. Dijital d\u00fcnyadaki geli\u015fmelerle birlikte editoryal deneyimini online platformlara ta\u015f\u0131m\u0131\u015f, Markafoni\u2019de ve [&hellip;]<\/p>\n","protected":false},"author":29,"featured_media":0,"parent":0,"menu_order":0,"comment_status":"closed","ping_status":"closed","template":"","meta":{"footnotes":"","_elementor_edit_mode":"","_elementor_template_type":"","_elementor_data":"","_elementor_page_settings":null,"_elementor_conditions":[]},"class_list":["post-12684","page","type-page","status-publish"],"yoast_head":"<!-- This site is optimized with the Yoast SEO Premium plugin v21.4 (Yoast SEO v27.0) - https:\/\/yoast.com\/product\/yoast-seo-premium-wordpress\/ -->\n<title>\u00d6zden Y\u0131lmaz | Kariyer Rehberi<\/title>\n<meta name=\"description\" content=\"Kocaeli \u00dcniversitesi \u0130leti\u015fim Fak\u00fcltesi mezunu olan \u00d6zden, Bilgi \u00dcniversitesi\u2019nde \u0130nteraktif Pazarlama alan\u0131nda y\u00fcksek lisans yapm\u0131\u015ft\u0131r. Lisans \u00f6\u011freniminin ilk y\u0131llar\u0131nda TRT Haber\u2019de asistan muhabirlik yaparak meslek hayat\u0131na ba\u015flam\u0131\u015ft\u0131r. Mezun olduktan sonra farkl\u0131 d\u00f6nemlerde TV8 Haber ve Cem TV\u2019de; yap\u0131mc\u0131, y\u00f6netmen ve edit\u00f6r olarak g\u00f6rev alm\u0131\u015ft\u0131r. Dijital d\u00fcnyadaki geli\u015fmelerle birlikte editoryal deneyimini online platformlara ta\u015f\u0131m\u0131\u015f, Markafoni\u2019de ve Mudo\u2019da i\u00e7erik edit\u00f6rl\u00fc\u011f\u00fc yapm\u0131\u015ft\u0131r. Kurumsal markalar i\u00e7in freelance SEO edit\u00f6rl\u00fc\u011f\u00fc de yapan \u00d6zden, 2018 y\u0131l\u0131 itibar\u0131yla kariyerine, Kariyer.net i\u00e7erik edit\u00f6r\u00fc olarak devam etmekte ve online\/offline i\u00e7erik \u00fcretmektedir.\" \/>\n<meta name=\"robots\" content=\"index, follow, max-snippet:-1, max-image-preview:large, max-video-preview:-1\" \/>\n<link rel=\"canonical\" href=\"https:\/\/www.kariyer.net\/kariyer-rehberi\/ozden-yilmaz\/\" \/>\n<meta property=\"og:locale\" content=\"tr_TR\" \/>\n<meta property=\"og:type\" content=\"article\" \/>\n<meta property=\"og:title\" content=\"\u00d6zden Y\u0131lmaz\" \/>\n<meta property=\"og:description\" content=\"Kocaeli \u00dcniversitesi \u0130leti\u015fim Fak\u00fcltesi mezunu olan \u00d6zden, Bilgi \u00dcniversitesi\u2019nde \u0130nteraktif Pazarlama alan\u0131nda y\u00fcksek lisans yapm\u0131\u015ft\u0131r. Lisans\" \/>\n<meta property=\"og:url\" content=\"https:\/\/www.kariyer.net\/kariyer-rehberi\/ozden-yilmaz\/\" \/>\n<meta property=\"og:site_name\" content=\"Kariyer Rehberi\" \/>\n<meta property=\"og:image\" content=\"https:\/\/www.kariyer.net\/kariyer-rehberi\/wp-content\/uploads\/2021\/06\/ozden_yilmaz.jpeg\" \/>\n<meta name=\"twitter:card\" content=\"summary_large_image\" \/>\n<meta name=\"twitter:label1\" content=\"Tahmini okuma s\u00fcresi\" \/>\n\t<meta name=\"twitter:data1\" content=\"1 dakika\" \/>\n<!-- \/ Yoast SEO Premium plugin. -->","yoast_head_json":{"title":"\u00d6zden Y\u0131lmaz | Kariyer Rehberi","description":"Kocaeli \u00dcniversitesi \u0130leti\u015fim Fak\u00fcltesi mezunu olan \u00d6zden, Bilgi \u00dcniversitesi\u2019nde \u0130nteraktif Pazarlama alan\u0131nda y\u00fcksek lisans yapm\u0131\u015ft\u0131r. Lisans \u00f6\u011freniminin ilk y\u0131llar\u0131nda TRT Haber\u2019de asistan muhabirlik yaparak meslek hayat\u0131na ba\u015flam\u0131\u015ft\u0131r. Mezun olduktan sonra farkl\u0131 d\u00f6nemlerde TV8 Haber ve Cem TV\u2019de; yap\u0131mc\u0131, y\u00f6netmen ve edit\u00f6r olarak g\u00f6rev alm\u0131\u015ft\u0131r. Dijital d\u00fcnyadaki geli\u015fmelerle birlikte editoryal deneyimini online platformlara ta\u015f\u0131m\u0131\u015f, Markafoni\u2019de ve Mudo\u2019da i\u00e7erik edit\u00f6rl\u00fc\u011f\u00fc yapm\u0131\u015ft\u0131r. Kurumsal markalar i\u00e7in freelance SEO edit\u00f6rl\u00fc\u011f\u00fc de yapan \u00d6zden, 2018 y\u0131l\u0131 itibar\u0131yla kariyerine, Kariyer.net i\u00e7erik edit\u00f6r\u00fc olarak devam etmekte ve online\/offline i\u00e7erik \u00fcretmektedir.","robots":{"index":"index","follow":"follow","max-snippet":"max-snippet:-1","max-image-preview":"max-image-preview:large","max-video-preview":"max-video-preview:-1"},"canonical":"https:\/\/www.kariyer.net\/kariyer-rehberi\/ozden-yilmaz\/","og_locale":"tr_TR","og_type":"article","og_title":"\u00d6zden Y\u0131lmaz","og_description":"Kocaeli \u00dcniversitesi \u0130leti\u015fim Fak\u00fcltesi mezunu olan \u00d6zden, Bilgi \u00dcniversitesi\u2019nde \u0130nteraktif Pazarlama alan\u0131nda y\u00fcksek lisans yapm\u0131\u015ft\u0131r. Lisans","og_url":"https:\/\/www.kariyer.net\/kariyer-rehberi\/ozden-yilmaz\/","og_site_name":"Kariyer Rehberi","og_image":[{"url":"https:\/\/www.kariyer.net\/kariyer-rehberi\/wp-content\/uploads\/2021\/06\/ozden_yilmaz.jpeg","type":"","width":"","height":""}],"twitter_card":"summary_large_image","twitter_misc":{"Tahmini okuma s\u00fcresi":"1 dakika"},"schema":{"@context":"https:\/\/schema.org","@graph":[{"@type":"WebPage","@id":"https:\/\/www.kariyer.net\/kariyer-rehberi\/ozden-yilmaz\/","url":"https:\/\/www.kariyer.net\/kariyer-rehberi\/ozden-yilmaz\/","name":"\u00d6zden Y\u0131lmaz | Kariyer Rehberi","isPartOf":{"@id":"https:\/\/www.kariyer.net\/kariyer-rehberi\/#website"},"primaryImageOfPage":{"@id":"https:\/\/www.kariyer.net\/kariyer-rehberi\/ozden-yilmaz\/#primaryimage"},"image":{"@id":"https:\/\/www.kariyer.net\/kariyer-rehberi\/ozden-yilmaz\/#primaryimage"},"thumbnailUrl":"https:\/\/www.kariyer.net\/kariyer-rehberi\/wp-content\/uploads\/2021\/06\/ozden_yilmaz.jpeg","datePublished":"2021-06-25T06:02:00+00:00","description":"Kocaeli \u00dcniversitesi \u0130leti\u015fim Fak\u00fcltesi mezunu olan \u00d6zden, Bilgi \u00dcniversitesi\u2019nde \u0130nteraktif Pazarlama alan\u0131nda y\u00fcksek lisans yapm\u0131\u015ft\u0131r. Lisans \u00f6\u011freniminin ilk y\u0131llar\u0131nda TRT Haber\u2019de asistan muhabirlik yaparak meslek hayat\u0131na ba\u015flam\u0131\u015ft\u0131r. Mezun olduktan sonra farkl\u0131 d\u00f6nemlerde TV8 Haber ve Cem TV\u2019de; yap\u0131mc\u0131, y\u00f6netmen ve edit\u00f6r olarak g\u00f6rev alm\u0131\u015ft\u0131r. Dijital d\u00fcnyadaki geli\u015fmelerle birlikte editoryal deneyimini online platformlara ta\u015f\u0131m\u0131\u015f, Markafoni\u2019de ve Mudo\u2019da i\u00e7erik edit\u00f6rl\u00fc\u011f\u00fc yapm\u0131\u015ft\u0131r. Kurumsal markalar i\u00e7in freelance SEO edit\u00f6rl\u00fc\u011f\u00fc de yapan \u00d6zden, 2018 y\u0131l\u0131 itibar\u0131yla kariyerine, Kariyer.net i\u00e7erik edit\u00f6r\u00fc olarak devam etmekte ve online\/offline i\u00e7erik \u00fcretmektedir.","breadcrumb":{"@id":"https:\/\/www.kariyer.net\/kariyer-rehberi\/ozden-yilmaz\/#breadcrumb"},"inLanguage":"tr","potentialAction":[{"@type":"ReadAction","target":["https:\/\/www.kariyer.net\/kariyer-rehberi\/ozden-yilmaz\/"]}]},{"@type":"ImageObject","inLanguage":"tr","@id":"https:\/\/www.kariyer.net\/kariyer-rehberi\/ozden-yilmaz\/#primaryimage","url":"https:\/\/www.kariyer.net\/kariyer-rehberi\/wp-content\/uploads\/2021\/06\/ozden_yilmaz.jpeg","contentUrl":"https:\/\/www.kariyer.net\/kariyer-rehberi\/wp-content\/uploads\/2021\/06\/ozden_yilmaz.jpeg","width":96,"height":96},{"@type":"BreadcrumbList","@id":"https:\/\/www.kariyer.net\/kariyer-rehberi\/ozden-yilmaz\/#breadcrumb","itemListElement":[{"@type":"ListItem","position":1,"name":"Anasayfa","item":"https:\/\/www.kariyer.net\/kariyer-rehberi\/"},{"@type":"ListItem","position":2,"name":"\u00d6zden Y\u0131lmaz"}]},{"@type":"WebSite","@id":"https:\/\/www.kariyer.net\/kariyer-rehberi\/#website","url":"https:\/\/www.kariyer.net\/kariyer-rehberi\/","name":"Kariyer Rehberi","description":"\u0130\u015f D\u00fcnyas\u0131yla \u0130lgili Bilmek \u0130stedi\u011finiz Her \u015eey","publisher":{"@id":"https:\/\/www.kariyer.net\/kariyer-rehberi\/#organization"},"potentialAction":[{"@type":"SearchAction","target":{"@type":"EntryPoint","urlTemplate":"https:\/\/www.kariyer.net\/kariyer-rehberi\/?s={search_term_string}"},"query-input":{"@type":"PropertyValueSpecification","valueRequired":true,"valueName":"search_term_string"}}],"inLanguage":"tr"},{"@type":"Organization","@id":"https:\/\/www.kariyer.net\/kariyer-rehberi\/#organization","name":"Kariyer.net","url":"https:\/\/www.kariyer.net\/kariyer-rehberi\/","logo":{"@type":"ImageObject","inLanguage":"tr","@id":"https:\/\/www.kariyer.net\/kariyer-rehberi\/#\/schema\/logo\/image\/","url":"https:\/\/www.kariyer.net\/kariyer-rehberi-new\/wp-content\/uploads\/2023\/01\/og-image11.jpg","contentUrl":"https:\/\/www.kariyer.net\/kariyer-rehberi-new\/wp-content\/uploads\/2023\/01\/og-image11.jpg","width":800,"height":800,"caption":"Kariyer.net"},"image":{"@id":"https:\/\/www.kariyer.net\/kariyer-rehberi\/#\/schema\/logo\/image\/"}}]}},"_links":{"self":[{"href":"https:\/\/www.kariyer.net\/kariyer-rehberi\/wp-json\/wp\/v2\/pages\/12684","targetHints":{"allow":["GET"]}}],"collection":[{"href":"https:\/\/www.kariyer.net\/kariyer-rehberi\/wp-json\/wp\/v2\/pages"}],"about":[{"href":"https:\/\/www.kariyer.net\/kariyer-rehberi\/wp-json\/wp\/v2\/types\/page"}],"author":[{"embeddable":true,"href":"https:\/\/www.kariyer.net\/kariyer-rehberi\/wp-json\/wp\/v2\/users\/29"}],"replies":[{"embeddable":true,"href":"https:\/\/www.kariyer.net\/kariyer-rehberi\/wp-json\/wp\/v2\/comments?post=12684"}],"version-history":[{"count":0,"href":"https:\/\/www.kariyer.net\/kariyer-rehberi\/wp-json\/wp\/v2\/pages\/12684\/revisions"}],"wp:attachment":[{"href":"https:\/\/www.kariyer.net\/kariyer-rehberi\/wp-json\/wp\/v2\/media?parent=12684"}],"curies":[{"name":"wp","href":"https:\/\/api.w.org\/{rel}","templated":true}]}}