{"id":1581,"date":"2014-02-21T17:52:21","date_gmt":"2014-02-21T15:52:21","guid":{"rendered":"http:\/\/92.45.35.169\/?page_id=1581"},"modified":"2023-08-23T10:35:56","modified_gmt":"2023-08-23T07:35:56","slug":"iletisim","status":"publish","type":"page","link":"https:\/\/www.kariyer.net\/kariyer-rehberi\/iletisim\/","title":{"rendered":"\u0130leti\u015fim"},"content":{"rendered":"<p><strong>\u00a0<\/strong><img decoding=\"async\" src=\"https:\/\/aday-spage.mncdn.com\/Knet_img_KnetLogo.9108e1e.svg?v=39614\" alt=\"kariyer-net-logo2\" width=\"150\" height=\"41\" \/><\/p>\n<p>T\u00fcm soru ve g\u00f6r\u00fc\u015flerinizi<strong>\u00a0<a href=\"mailto:editor@kariyer.net\">editor@kariyer.net<\/a>\u00a0<\/strong> adresine iletebilirsiniz.<\/p>\n<p><strong>Kariyer.net M\u00fc\u015fteri Hizmetlerine<\/strong> 0(216)468 7600&#8217;dan veya<br \/>\n<a href=\"mailto:musterihizmetleri@kariyer.net\">musterihizmetleri@kariyer.net<\/a>\u00a0adresinden ula\u015fabilirsiniz.<\/p>\n<p>&nbsp;<\/p>\n<table width=\"496\">\n<tbody>\n<tr>\n<td>\n<h3>Kariyer.net&#8217;e \u00dcye Olun<\/h3>\n<p>&nbsp;<\/p>\n<p>&nbsp;<\/p>\n<h3><a href=\"http:\/\/www.kariyer.net\/WebSite\/Kariyerim\/UyeOl.aspx\" target=\"_blank\" rel=\"noopener\"><img decoding=\"async\" src=\"http:\/\/www.kariyer.net\/ik-blog\/wp-content\/uploads\/2013\/11\/hemen-uye-ol.jpg\" alt=\"hemen-uye-ol\" width=\"118\" height=\"28\" \/><\/a><\/h3>\n<p>&nbsp;<\/td>\n<\/tr>\n<\/tbody>\n<\/table>\n<p>&nbsp;<\/p>\n<p>Kariyer.net Elektronik Yay\u0131nc\u0131l\u0131k ve \u0130leti\u015fim Hizmetleri A.\u015e. taraf\u0131ndan haz\u0131rlanmaktad\u0131r. T\u00fcm haklar\u0131 sakl\u0131d\u0131r. \u0130\u00e7erikler kaynak g\u00f6sterilmeden yay\u0131nlanamaz.<\/p>\n","protected":false},"excerpt":{"rendered":"<p>\u00a0 T\u00fcm soru ve g\u00f6r\u00fc\u015flerinizi\u00a0editor@kariyer.net\u00a0 adresine iletebilirsiniz. Kariyer.net M\u00fc\u015fteri Hizmetlerine 0(216)468 7600&#8217;dan veya musterihizmetleri@kariyer.net\u00a0adresinden ula\u015fabilirsiniz. &nbsp; Kariyer.net&#8217;e \u00dcye Olun &nbsp; &nbsp; &nbsp; &nbsp; Kariyer.net Elektronik Yay\u0131nc\u0131l\u0131k ve \u0130leti\u015fim Hizmetleri A.\u015e. taraf\u0131ndan haz\u0131rlanmaktad\u0131r. T\u00fcm haklar\u0131 sakl\u0131d\u0131r. \u0130\u00e7erikler kaynak g\u00f6sterilmeden yay\u0131nlanamaz.<\/p>\n","protected":false},"author":4,"featured_media":0,"parent":0,"menu_order":0,"comment_status":"open","ping_status":"open","template":"","meta":{"footnotes":"","_elementor_edit_mode":"","_elementor_template_type":"","_elementor_data":"","_elementor_page_settings":null,"_elementor_conditions":[]},"class_list":["post-1581","page","type-page","status-publish"],"yoast_head":"<!-- This site is optimized with the Yoast SEO Premium plugin v21.4 (Yoast SEO v27.5) - https:\/\/yoast.com\/product\/yoast-seo-premium-wordpress\/ -->\n<title>\u0130leti\u015fim | Kariyer Rehberi<\/title>\n<meta name=\"description\" content=\"T\u00fcm soru ve g\u00f6r\u00fc\u015flerinizi editor@kariyer.net adresine iletebilirsiniz.\" \/>\n<meta name=\"robots\" content=\"index, follow, max-snippet:-1, max-image-preview:large, max-video-preview:-1\" \/>\n<link rel=\"canonical\" href=\"https:\/\/www.kariyer.net\/kariyer-rehberi\/iletisim\/\" \/>\n<meta property=\"og:locale\" content=\"tr_TR\" \/>\n<meta property=\"og:type\" content=\"article\" \/>\n<meta property=\"og:title\" content=\"\u0130leti\u015fim\" \/>\n<meta property=\"og:description\" content=\"\u00a0 T\u00fcm soru ve g\u00f6r\u00fc\u015flerinizi\u00a0editor@kariyer.net\u00a0 adresine iletebilirsiniz. Kariyer.net M\u00fc\u015fteri Hizmetlerine 0(216)468 7600&#039;dan veya\" \/>\n<meta property=\"og:url\" content=\"https:\/\/www.kariyer.net\/kariyer-rehberi\/iletisim\/\" \/>\n<meta property=\"og:site_name\" content=\"Kariyer Rehberi\" \/>\n<meta property=\"article:modified_time\" content=\"2023-08-23T07:35:56+00:00\" \/>\n<meta property=\"og:image\" content=\"https:\/\/aday-spage.mncdn.com\/Knet_img_KnetLogo.9108e1e.svg?v=39614\" \/>\n<meta name=\"twitter:card\" content=\"summary_large_image\" \/>\n<meta name=\"twitter:label1\" content=\"Tahmini okuma s\u00fcresi\" \/>\n\t<meta name=\"twitter:data1\" content=\"1 dakika\" \/>\n<!-- \/ Yoast SEO Premium plugin. -->","yoast_head_json":{"title":"\u0130leti\u015fim | Kariyer Rehberi","description":"T\u00fcm soru ve g\u00f6r\u00fc\u015flerinizi editor@kariyer.net adresine iletebilirsiniz.","robots":{"index":"index","follow":"follow","max-snippet":"max-snippet:-1","max-image-preview":"max-image-preview:large","max-video-preview":"max-video-preview:-1"},"canonical":"https:\/\/www.kariyer.net\/kariyer-rehberi\/iletisim\/","og_locale":"tr_TR","og_type":"article","og_title":"\u0130leti\u015fim","og_description":"\u00a0 T\u00fcm soru ve g\u00f6r\u00fc\u015flerinizi\u00a0editor@kariyer.net\u00a0 adresine iletebilirsiniz. Kariyer.net M\u00fc\u015fteri Hizmetlerine 0(216)468 7600'dan veya","og_url":"https:\/\/www.kariyer.net\/kariyer-rehberi\/iletisim\/","og_site_name":"Kariyer Rehberi","article_modified_time":"2023-08-23T07:35:56+00:00","og_image":[{"url":"https:\/\/aday-spage.mncdn.com\/Knet_img_KnetLogo.9108e1e.svg?v=39614","type":"","width":"","height":""}],"twitter_card":"summary_large_image","twitter_misc":{"Tahmini okuma s\u00fcresi":"1 dakika"},"schema":{"@context":"https:\/\/schema.org","@graph":[{"@type":"WebPage","@id":"https:\/\/www.kariyer.net\/kariyer-rehberi\/iletisim\/","url":"https:\/\/www.kariyer.net\/kariyer-rehberi\/iletisim\/","name":"\u0130leti\u015fim | Kariyer Rehberi","isPartOf":{"@id":"https:\/\/www.kariyer.net\/kariyer-rehberi\/#website"},"primaryImageOfPage":{"@id":"https:\/\/www.kariyer.net\/kariyer-rehberi\/iletisim\/#primaryimage"},"image":{"@id":"https:\/\/www.kariyer.net\/kariyer-rehberi\/iletisim\/#primaryimage"},"thumbnailUrl":"https:\/\/aday-spage.mncdn.com\/Knet_img_KnetLogo.9108e1e.svg?v=39614","datePublished":"2014-02-21T15:52:21+00:00","dateModified":"2023-08-23T07:35:56+00:00","description":"T\u00fcm soru ve g\u00f6r\u00fc\u015flerinizi editor@kariyer.net adresine iletebilirsiniz.","breadcrumb":{"@id":"https:\/\/www.kariyer.net\/kariyer-rehberi\/iletisim\/#breadcrumb"},"inLanguage":"tr","potentialAction":[{"@type":"ReadAction","target":["https:\/\/www.kariyer.net\/kariyer-rehberi\/iletisim\/"]}]},{"@type":"ImageObject","inLanguage":"tr","@id":"https:\/\/www.kariyer.net\/kariyer-rehberi\/iletisim\/#primaryimage","url":"https:\/\/aday-spage.mncdn.com\/Knet_img_KnetLogo.9108e1e.svg?v=39614","contentUrl":"https:\/\/aday-spage.mncdn.com\/Knet_img_KnetLogo.9108e1e.svg?v=39614"},{"@type":"BreadcrumbList","@id":"https:\/\/www.kariyer.net\/kariyer-rehberi\/iletisim\/#breadcrumb","itemListElement":[{"@type":"ListItem","position":1,"name":"Anasayfa","item":"https:\/\/www.kariyer.net\/kariyer-rehberi\/"},{"@type":"ListItem","position":2,"name":"\u0130leti\u015fim"}]},{"@type":"WebSite","@id":"https:\/\/www.kariyer.net\/kariyer-rehberi\/#website","url":"https:\/\/www.kariyer.net\/kariyer-rehberi\/","name":"Kariyer Rehberi","description":"\u0130\u015f D\u00fcnyas\u0131yla \u0130lgili Bilmek \u0130stedi\u011finiz Her \u015eey","publisher":{"@id":"https:\/\/www.kariyer.net\/kariyer-rehberi\/#organization"},"potentialAction":[{"@type":"SearchAction","target":{"@type":"EntryPoint","urlTemplate":"https:\/\/www.kariyer.net\/kariyer-rehberi\/?s={search_term_string}"},"query-input":{"@type":"PropertyValueSpecification","valueRequired":true,"valueName":"search_term_string"}}],"inLanguage":"tr"},{"@type":"Organization","@id":"https:\/\/www.kariyer.net\/kariyer-rehberi\/#organization","name":"Kariyer.net","url":"https:\/\/www.kariyer.net\/kariyer-rehberi\/","logo":{"@type":"ImageObject","inLanguage":"tr","@id":"https:\/\/www.kariyer.net\/kariyer-rehberi\/#\/schema\/logo\/image\/","url":"https:\/\/www.kariyer.net\/kariyer-rehberi-new\/wp-content\/uploads\/2023\/01\/og-image11.jpg","contentUrl":"https:\/\/www.kariyer.net\/kariyer-rehberi-new\/wp-content\/uploads\/2023\/01\/og-image11.jpg","width":800,"height":800,"caption":"Kariyer.net"},"image":{"@id":"https:\/\/www.kariyer.net\/kariyer-rehberi\/#\/schema\/logo\/image\/"}}]}},"_links":{"self":[{"href":"https:\/\/www.kariyer.net\/kariyer-rehberi\/wp-json\/wp\/v2\/pages\/1581","targetHints":{"allow":["GET"]}}],"collection":[{"href":"https:\/\/www.kariyer.net\/kariyer-rehberi\/wp-json\/wp\/v2\/pages"}],"about":[{"href":"https:\/\/www.kariyer.net\/kariyer-rehberi\/wp-json\/wp\/v2\/types\/page"}],"author":[{"embeddable":true,"href":"https:\/\/www.kariyer.net\/kariyer-rehberi\/wp-json\/wp\/v2\/users\/4"}],"replies":[{"embeddable":true,"href":"https:\/\/www.kariyer.net\/kariyer-rehberi\/wp-json\/wp\/v2\/comments?post=1581"}],"version-history":[{"count":0,"href":"https:\/\/www.kariyer.net\/kariyer-rehberi\/wp-json\/wp\/v2\/pages\/1581\/revisions"}],"wp:attachment":[{"href":"https:\/\/www.kariyer.net\/kariyer-rehberi\/wp-json\/wp\/v2\/media?parent=1581"}],"curies":[{"name":"wp","href":"https:\/\/api.w.org\/{rel}","templated":true}]}}