{"id":1599,"date":"2014-02-23T17:40:34","date_gmt":"2014-02-23T15:40:34","guid":{"rendered":"http:\/\/92.45.35.169\/?page_id=1599"},"modified":"2014-02-23T17:40:34","modified_gmt":"2014-02-23T15:40:34","slug":"pinar-nogay","status":"publish","type":"page","link":"https:\/\/www.kariyer.net\/kariyer-rehberi\/pinar-nogay\/","title":{"rendered":"P\u0131nar Nogay"},"content":{"rendered":"<p><a href=\"http:\/\/www.kariyer.net\/ik-blog\/wp-content\/uploads\/2013\/11\/pinarnogay200x250.jpg\"><img decoding=\"async\" class=\" wp-image-247 alignleft\" style=\"margin: 5px;\" alt=\"pinarnogay200x250\" src=\"http:\/\/www.kariyer.net\/ik-blog\/wp-content\/uploads\/2013\/11\/pinarnogay200x250.jpg\" width=\"160\" height=\"200\" \/><\/a><\/p>\n<p>Gazeteci olma hayalini ger\u00e7ekle\u015ftirmek i\u00e7in Eski\u015fehir Anadolu \u00dcniversitesi \u0130leti\u015fim Fak\u00fcltesi\u2019nde Bas\u0131n Yay\u0131n e\u011fitimi ald\u0131. Eski\u015fehir\u2019de ya\u015fad\u0131\u011f\u0131 d\u00f6nemde ileti\u015fim fak\u00fcltesinin gazetesinde hem tasar\u0131mc\u0131 hem de muhabir olarak g\u00f6rev ald\u0131. \u00d6\u011freniminin ard\u0131ndan McGill \u00dcniversitesi\u2019nde \u0130ngilizce \u00fczerine e\u011fitim ald\u0131 ve hemen ard\u0131ndan i\u015f hayat\u0131na \u00a0at\u0131ld\u0131. \u0130\u015f d\u00fcnyas\u0131n\u0131n yan\u0131 s\u0131ra magazin de dahil olmak \u00fczere \u00e7e\u015fitli alanlarda muhabir ve edit\u00f6r olarak \u00e7al\u0131\u015ft\u0131. 2007 y\u0131l\u0131nda Kariyer\u2019de Edit\u00f6r olarak ba\u015flad\u0131, bu s\u00fcre boyunca Kariyer Rehberi, Kariyer Dergi ve HT Kariyer\u2019e y\u00f6nelik i\u00e7erikler ve projeler \u00fcretti. Nogay, 2011\u2019den bu yana Genel Yay\u0131n Y\u00f6netmeni olarak g\u00f6rev yap\u0131yor.<\/p>\n","protected":false},"excerpt":{"rendered":"<p>Gazeteci olma hayalini ger\u00e7ekle\u015ftirmek i\u00e7in Eski\u015fehir Anadolu \u00dcniversitesi \u0130leti\u015fim Fak\u00fcltesi\u2019nde Bas\u0131n Yay\u0131n e\u011fitimi ald\u0131. Eski\u015fehir\u2019de ya\u015fad\u0131\u011f\u0131 d\u00f6nemde ileti\u015fim fak\u00fcltesinin gazetesinde hem tasar\u0131mc\u0131 hem de muhabir olarak g\u00f6rev ald\u0131. \u00d6\u011freniminin ard\u0131ndan McGill \u00dcniversitesi\u2019nde \u0130ngilizce \u00fczerine e\u011fitim ald\u0131 ve hemen ard\u0131ndan i\u015f hayat\u0131na \u00a0at\u0131ld\u0131. \u0130\u015f d\u00fcnyas\u0131n\u0131n yan\u0131 s\u0131ra magazin de dahil olmak \u00fczere \u00e7e\u015fitli alanlarda muhabir ve [&hellip;]<\/p>\n","protected":false},"author":4,"featured_media":0,"parent":0,"menu_order":0,"comment_status":"open","ping_status":"open","template":"","meta":{"footnotes":"","_elementor_edit_mode":"","_elementor_template_type":"","_elementor_data":"","_elementor_page_settings":null,"_elementor_conditions":[]},"class_list":["post-1599","page","type-page","status-publish"],"yoast_head":"<!-- This site is optimized with the Yoast SEO Premium plugin v21.4 (Yoast SEO v27.5) - https:\/\/yoast.com\/product\/yoast-seo-premium-wordpress\/ -->\n<title>P\u0131nar Nogay | Kariyer Rehberi<\/title>\n<meta name=\"description\" content=\"Gazeteci olma hayalini ger\u00e7ekle\u015ftirmek i\u00e7in Eski\u015fehir Anadolu \u00dcniversitesi \u0130leti\u015fim Fak\u00fcltesi\u2019nde Bas\u0131n Yay\u0131n e\u011fitimi ald\u0131. Eski\u015fehir\u2019de ya\u015fad\u0131\u011f\u0131 d\u00f6nemde ileti\u015fim fak\u00fcltesinin gazetesinde hem tasar\u0131mc\u0131 hem de muhabir olarak g\u00f6rev ald\u0131. \u00d6\u011freniminin ard\u0131ndan McGill \u00dcniversitesi\u2019nde \u0130ngilizce \u00fczerine e\u011fitim ald\u0131 ve hemen ard\u0131ndan i\u015f hayat\u0131na \u00a0at\u0131ld\u0131. \u0130\u015f d\u00fcnyas\u0131n\u0131n yan\u0131 s\u0131ra magazin de dahil olmak \u00fczere \u00e7e\u015fitli alanlarda muhabir ve edit\u00f6r olarak \u00e7al\u0131\u015ft\u0131. 2007 y\u0131l\u0131nda Kariyer\u2019de Edit\u00f6r olarak ba\u015flad\u0131, bu s\u00fcre boyunca Kariyer Rehberi, Kariyer Dergi ve HT Kariyer\u2019e y\u00f6nelik i\u00e7erikler ve projeler \u00fcretti. Nogay, 2011\u2019den bu yana Genel Yay\u0131n Y\u00f6netmeni olarak g\u00f6rev yap\u0131yor.\" \/>\n<meta name=\"robots\" content=\"index, follow, max-snippet:-1, max-image-preview:large, max-video-preview:-1\" \/>\n<link rel=\"canonical\" href=\"https:\/\/www.kariyer.net\/kariyer-rehberi\/pinar-nogay\/\" \/>\n<meta property=\"og:locale\" content=\"tr_TR\" \/>\n<meta property=\"og:type\" content=\"article\" \/>\n<meta property=\"og:title\" content=\"P\u0131nar Nogay\" \/>\n<meta property=\"og:description\" content=\"Gazeteci olma hayalini ger\u00e7ekle\u015ftirmek i\u00e7in Eski\u015fehir Anadolu \u00dcniversitesi \u0130leti\u015fim Fak\u00fcltesi\u2019nde Bas\u0131n Yay\u0131n e\u011fitimi ald\u0131. Eski\u015fehir\u2019de ya\u015fad\u0131\u011f\u0131 d\u00f6nemde\" \/>\n<meta property=\"og:url\" content=\"https:\/\/www.kariyer.net\/kariyer-rehberi\/pinar-nogay\/\" \/>\n<meta property=\"og:site_name\" content=\"Kariyer Rehberi\" \/>\n<meta property=\"og:image\" content=\"http:\/\/www.kariyer.net\/ik-blog\/wp-content\/uploads\/2013\/11\/pinarnogay200x250.jpg\" \/>\n<meta name=\"twitter:card\" content=\"summary_large_image\" \/>\n<meta name=\"twitter:label1\" content=\"Tahmini okuma s\u00fcresi\" \/>\n\t<meta name=\"twitter:data1\" content=\"1 dakika\" \/>\n<!-- \/ Yoast SEO Premium plugin. -->","yoast_head_json":{"title":"P\u0131nar Nogay | Kariyer Rehberi","description":"Gazeteci olma hayalini ger\u00e7ekle\u015ftirmek i\u00e7in Eski\u015fehir Anadolu \u00dcniversitesi \u0130leti\u015fim Fak\u00fcltesi\u2019nde Bas\u0131n Yay\u0131n e\u011fitimi ald\u0131. Eski\u015fehir\u2019de ya\u015fad\u0131\u011f\u0131 d\u00f6nemde ileti\u015fim fak\u00fcltesinin gazetesinde hem tasar\u0131mc\u0131 hem de muhabir olarak g\u00f6rev ald\u0131. \u00d6\u011freniminin ard\u0131ndan McGill \u00dcniversitesi\u2019nde \u0130ngilizce \u00fczerine e\u011fitim ald\u0131 ve hemen ard\u0131ndan i\u015f hayat\u0131na \u00a0at\u0131ld\u0131. \u0130\u015f d\u00fcnyas\u0131n\u0131n yan\u0131 s\u0131ra magazin de dahil olmak \u00fczere \u00e7e\u015fitli alanlarda muhabir ve edit\u00f6r olarak \u00e7al\u0131\u015ft\u0131. 2007 y\u0131l\u0131nda Kariyer\u2019de Edit\u00f6r olarak ba\u015flad\u0131, bu s\u00fcre boyunca Kariyer Rehberi, Kariyer Dergi ve HT Kariyer\u2019e y\u00f6nelik i\u00e7erikler ve projeler \u00fcretti. Nogay, 2011\u2019den bu yana Genel Yay\u0131n Y\u00f6netmeni olarak g\u00f6rev yap\u0131yor.","robots":{"index":"index","follow":"follow","max-snippet":"max-snippet:-1","max-image-preview":"max-image-preview:large","max-video-preview":"max-video-preview:-1"},"canonical":"https:\/\/www.kariyer.net\/kariyer-rehberi\/pinar-nogay\/","og_locale":"tr_TR","og_type":"article","og_title":"P\u0131nar Nogay","og_description":"Gazeteci olma hayalini ger\u00e7ekle\u015ftirmek i\u00e7in Eski\u015fehir Anadolu \u00dcniversitesi \u0130leti\u015fim Fak\u00fcltesi\u2019nde Bas\u0131n Yay\u0131n e\u011fitimi ald\u0131. Eski\u015fehir\u2019de ya\u015fad\u0131\u011f\u0131 d\u00f6nemde","og_url":"https:\/\/www.kariyer.net\/kariyer-rehberi\/pinar-nogay\/","og_site_name":"Kariyer Rehberi","og_image":[{"url":"http:\/\/www.kariyer.net\/ik-blog\/wp-content\/uploads\/2013\/11\/pinarnogay200x250.jpg","type":"","width":"","height":""}],"twitter_card":"summary_large_image","twitter_misc":{"Tahmini okuma s\u00fcresi":"1 dakika"},"schema":{"@context":"https:\/\/schema.org","@graph":[{"@type":"WebPage","@id":"https:\/\/www.kariyer.net\/kariyer-rehberi\/pinar-nogay\/","url":"https:\/\/www.kariyer.net\/kariyer-rehberi\/pinar-nogay\/","name":"P\u0131nar Nogay | Kariyer Rehberi","isPartOf":{"@id":"https:\/\/www.kariyer.net\/kariyer-rehberi\/#website"},"primaryImageOfPage":{"@id":"https:\/\/www.kariyer.net\/kariyer-rehberi\/pinar-nogay\/#primaryimage"},"image":{"@id":"https:\/\/www.kariyer.net\/kariyer-rehberi\/pinar-nogay\/#primaryimage"},"thumbnailUrl":"http:\/\/www.kariyer.net\/ik-blog\/wp-content\/uploads\/2013\/11\/pinarnogay200x250.jpg","datePublished":"2014-02-23T15:40:34+00:00","description":"Gazeteci olma hayalini ger\u00e7ekle\u015ftirmek i\u00e7in Eski\u015fehir Anadolu \u00dcniversitesi \u0130leti\u015fim Fak\u00fcltesi\u2019nde Bas\u0131n Yay\u0131n e\u011fitimi ald\u0131. Eski\u015fehir\u2019de ya\u015fad\u0131\u011f\u0131 d\u00f6nemde ileti\u015fim fak\u00fcltesinin gazetesinde hem tasar\u0131mc\u0131 hem de muhabir olarak g\u00f6rev ald\u0131. \u00d6\u011freniminin ard\u0131ndan McGill \u00dcniversitesi\u2019nde \u0130ngilizce \u00fczerine e\u011fitim ald\u0131 ve hemen ard\u0131ndan i\u015f hayat\u0131na \u00a0at\u0131ld\u0131. \u0130\u015f d\u00fcnyas\u0131n\u0131n yan\u0131 s\u0131ra magazin de dahil olmak \u00fczere \u00e7e\u015fitli alanlarda muhabir ve edit\u00f6r olarak \u00e7al\u0131\u015ft\u0131. 2007 y\u0131l\u0131nda Kariyer\u2019de Edit\u00f6r olarak ba\u015flad\u0131, bu s\u00fcre boyunca Kariyer Rehberi, Kariyer Dergi ve HT Kariyer\u2019e y\u00f6nelik i\u00e7erikler ve projeler \u00fcretti. Nogay, 2011\u2019den bu yana Genel Yay\u0131n Y\u00f6netmeni olarak g\u00f6rev yap\u0131yor.","breadcrumb":{"@id":"https:\/\/www.kariyer.net\/kariyer-rehberi\/pinar-nogay\/#breadcrumb"},"inLanguage":"tr","potentialAction":[{"@type":"ReadAction","target":["https:\/\/www.kariyer.net\/kariyer-rehberi\/pinar-nogay\/"]}]},{"@type":"ImageObject","inLanguage":"tr","@id":"https:\/\/www.kariyer.net\/kariyer-rehberi\/pinar-nogay\/#primaryimage","url":"http:\/\/www.kariyer.net\/ik-blog\/wp-content\/uploads\/2013\/11\/pinarnogay200x250.jpg","contentUrl":"http:\/\/www.kariyer.net\/ik-blog\/wp-content\/uploads\/2013\/11\/pinarnogay200x250.jpg"},{"@type":"BreadcrumbList","@id":"https:\/\/www.kariyer.net\/kariyer-rehberi\/pinar-nogay\/#breadcrumb","itemListElement":[{"@type":"ListItem","position":1,"name":"Anasayfa","item":"https:\/\/www.kariyer.net\/kariyer-rehberi\/"},{"@type":"ListItem","position":2,"name":"P\u0131nar Nogay"}]},{"@type":"WebSite","@id":"https:\/\/www.kariyer.net\/kariyer-rehberi\/#website","url":"https:\/\/www.kariyer.net\/kariyer-rehberi\/","name":"Kariyer Rehberi","description":"\u0130\u015f D\u00fcnyas\u0131yla \u0130lgili Bilmek \u0130stedi\u011finiz Her \u015eey","publisher":{"@id":"https:\/\/www.kariyer.net\/kariyer-rehberi\/#organization"},"potentialAction":[{"@type":"SearchAction","target":{"@type":"EntryPoint","urlTemplate":"https:\/\/www.kariyer.net\/kariyer-rehberi\/?s={search_term_string}"},"query-input":{"@type":"PropertyValueSpecification","valueRequired":true,"valueName":"search_term_string"}}],"inLanguage":"tr"},{"@type":"Organization","@id":"https:\/\/www.kariyer.net\/kariyer-rehberi\/#organization","name":"Kariyer.net","url":"https:\/\/www.kariyer.net\/kariyer-rehberi\/","logo":{"@type":"ImageObject","inLanguage":"tr","@id":"https:\/\/www.kariyer.net\/kariyer-rehberi\/#\/schema\/logo\/image\/","url":"https:\/\/www.kariyer.net\/kariyer-rehberi-new\/wp-content\/uploads\/2023\/01\/og-image11.jpg","contentUrl":"https:\/\/www.kariyer.net\/kariyer-rehberi-new\/wp-content\/uploads\/2023\/01\/og-image11.jpg","width":800,"height":800,"caption":"Kariyer.net"},"image":{"@id":"https:\/\/www.kariyer.net\/kariyer-rehberi\/#\/schema\/logo\/image\/"}}]}},"_links":{"self":[{"href":"https:\/\/www.kariyer.net\/kariyer-rehberi\/wp-json\/wp\/v2\/pages\/1599","targetHints":{"allow":["GET"]}}],"collection":[{"href":"https:\/\/www.kariyer.net\/kariyer-rehberi\/wp-json\/wp\/v2\/pages"}],"about":[{"href":"https:\/\/www.kariyer.net\/kariyer-rehberi\/wp-json\/wp\/v2\/types\/page"}],"author":[{"embeddable":true,"href":"https:\/\/www.kariyer.net\/kariyer-rehberi\/wp-json\/wp\/v2\/users\/4"}],"replies":[{"embeddable":true,"href":"https:\/\/www.kariyer.net\/kariyer-rehberi\/wp-json\/wp\/v2\/comments?post=1599"}],"version-history":[{"count":0,"href":"https:\/\/www.kariyer.net\/kariyer-rehberi\/wp-json\/wp\/v2\/pages\/1599\/revisions"}],"wp:attachment":[{"href":"https:\/\/www.kariyer.net\/kariyer-rehberi\/wp-json\/wp\/v2\/media?parent=1599"}],"curies":[{"name":"wp","href":"https:\/\/api.w.org\/{rel}","templated":true}]}}