{"id":1603,"date":"2014-02-23T17:41:20","date_gmt":"2014-02-23T15:41:20","guid":{"rendered":"http:\/\/92.45.35.169\/?page_id=1603"},"modified":"2014-04-01T17:05:57","modified_gmt":"2014-04-01T14:05:57","slug":"irem-ceylan","status":"publish","type":"page","link":"https:\/\/www.kariyer.net\/kariyer-rehberi\/irem-ceylan\/","title":{"rendered":"\u0130rem Ceylan"},"content":{"rendered":"<p><a href=\"http:\/\/92.45.35.169\/kariyer-rehberi\/wp-content\/uploads\/2014\/02\/iremceylan-200x250.jpg\"><img fetchpriority=\"high\" decoding=\"async\" class=\"size-full wp-image-3903 alignleft\" style=\"margin: 5px;\" alt=\"iremceylan-200x250\" src=\"http:\/\/92.45.35.169\/kariyer-rehberi\/wp-content\/uploads\/2014\/02\/iremceylan-200x250.jpg\" width=\"200\" height=\"250\" \/><\/a>Marmara \u00dcniversitesi T\u00fcrk Dili ve Edebiyat\u0131 B\u00f6l\u00fcm\u00fc&#8217;nde okurken dershanelerde \u00f6\u011fretmenlik deneyimleri oldu. Ayn\u0131 \u00fcniversitede Pedagojik Formasyon e\u011fitimi alarak \u00f6\u011fretmen s\u0131fat\u0131n\u0131 ald\u0131 ve liselerde T\u00fcrk\u00e7e, T\u00fcrk Dili ve Edebiyat\u0131 dersleri verdi. Bu deneyimlerin ard\u0131ndan farkl\u0131 bir alana y\u00f6nelerek dergilerin m\u00fczik, etkinlik ve k\u00fclt\u00fcr-sanat sayfalar\u0131n\u0131n edit\u00f6rl\u00fc\u011f\u00fcn\u00fc \u00fcstlendi, dergiler i\u00e7in \u00e7eviriler yapt\u0131. K\u0131sa bir s\u00fcre reklam ve organizasyon firmalar\u0131 i\u00e7in metin yazarl\u0131\u011f\u0131 g\u00f6revinde bulunduktan sonra internet habercili\u011fi alan\u0131nda \u00e7al\u0131\u015fmaya ba\u015flad\u0131. \u00c7e\u015fitli portallarda haber ve sayfa edit\u00f6rl\u00fc\u011f\u00fc, sosyal medya y\u00f6netimi yapt\u0131. 2014&#8217;\u00fcn Ocak ay\u0131nda Kariyer.net&#8217;te \u0130\u00e7erik Y\u00f6neticisi olarak g\u00f6rev almaya ba\u015flad\u0131.<\/p>\n","protected":false},"excerpt":{"rendered":"<p>Marmara \u00dcniversitesi T\u00fcrk Dili ve Edebiyat\u0131 B\u00f6l\u00fcm\u00fc&#8217;nde okurken dershanelerde \u00f6\u011fretmenlik deneyimleri oldu. Ayn\u0131 \u00fcniversitede Pedagojik Formasyon e\u011fitimi alarak \u00f6\u011fretmen s\u0131fat\u0131n\u0131 ald\u0131 ve liselerde T\u00fcrk\u00e7e, T\u00fcrk Dili ve Edebiyat\u0131 dersleri verdi. Bu deneyimlerin ard\u0131ndan farkl\u0131 bir alana y\u00f6nelerek dergilerin m\u00fczik, etkinlik ve k\u00fclt\u00fcr-sanat sayfalar\u0131n\u0131n edit\u00f6rl\u00fc\u011f\u00fcn\u00fc \u00fcstlendi, dergiler i\u00e7in \u00e7eviriler yapt\u0131. K\u0131sa bir s\u00fcre reklam ve organizasyon [&hellip;]<\/p>\n","protected":false},"author":4,"featured_media":0,"parent":0,"menu_order":0,"comment_status":"open","ping_status":"open","template":"","meta":{"footnotes":"","_elementor_edit_mode":"","_elementor_template_type":"","_elementor_data":"","_elementor_page_settings":null,"_elementor_conditions":[]},"class_list":["post-1603","page","type-page","status-publish"],"yoast_head":"<!-- This site is optimized with the Yoast SEO Premium plugin v21.4 (Yoast SEO v27.0) - https:\/\/yoast.com\/product\/yoast-seo-premium-wordpress\/ -->\n<title>\u0130rem Ceylan | Kariyer Rehberi<\/title>\n<meta name=\"description\" content=\"Marmara \u00dcniversitesi T\u00fcrk Dili ve Edebiyat\u0131 B\u00f6l\u00fcm\u00fc&#039;nde okurken dershanelerde \u00f6\u011fretmenlik deneyimleri oldu. Ayn\u0131 \u00fcniversitede Pedagojik Formasyon e\u011fitimi alarak \u00f6\u011fretmen s\u0131fat\u0131n\u0131 ald\u0131 ve liselerde T\u00fcrk\u00e7e, T\u00fcrk Dili ve Edebiyat\u0131 dersleri verdi. Bu deneyimlerin ard\u0131ndan farkl\u0131 bir alana y\u00f6nelerek dergilerin m\u00fczik, etkinlik ve k\u00fclt\u00fcr-sanat sayfalar\u0131n\u0131n edit\u00f6rl\u00fc\u011f\u00fcn\u00fc \u00fcstlendi, dergiler i\u00e7in \u00e7eviriler yapt\u0131. K\u0131sa bir s\u00fcre reklam ve organizasyon firmalar\u0131 i\u00e7in metin yazarl\u0131\u011f\u0131 g\u00f6revinde bulunduktan sonra internet habercili\u011fi alan\u0131nda \u00e7al\u0131\u015fmaya ba\u015flad\u0131. \u00c7e\u015fitli portallarda haber ve sayfa edit\u00f6rl\u00fc\u011f\u00fc, sosyal medya y\u00f6netimi yapt\u0131. 2014&#039;\u00fcn Ocak ay\u0131nda Kariyer.net&#039;te \u0130\u00e7erik Y\u00f6neticisi olarak g\u00f6rev almaya ba\u015flad\u0131.\" \/>\n<meta name=\"robots\" content=\"index, follow, max-snippet:-1, max-image-preview:large, max-video-preview:-1\" \/>\n<link rel=\"canonical\" href=\"https:\/\/www.kariyer.net\/kariyer-rehberi\/irem-ceylan\/\" \/>\n<meta property=\"og:locale\" content=\"tr_TR\" \/>\n<meta property=\"og:type\" content=\"article\" \/>\n<meta property=\"og:title\" content=\"\u0130rem Ceylan\" \/>\n<meta property=\"og:description\" content=\"Marmara \u00dcniversitesi T\u00fcrk Dili ve Edebiyat\u0131 B\u00f6l\u00fcm\u00fc&#039;nde okurken dershanelerde \u00f6\u011fretmenlik deneyimleri oldu. Ayn\u0131 \u00fcniversitede Pedagojik Formasyon e\u011fitimi\" \/>\n<meta property=\"og:url\" content=\"https:\/\/www.kariyer.net\/kariyer-rehberi\/irem-ceylan\/\" \/>\n<meta property=\"og:site_name\" content=\"Kariyer Rehberi\" \/>\n<meta property=\"article:modified_time\" content=\"2014-04-01T14:05:57+00:00\" \/>\n<meta property=\"og:image\" content=\"http:\/\/92.45.35.169\/kariyer-rehberi\/wp-content\/uploads\/2014\/02\/iremceylan-200x250.jpg\" \/>\n<meta name=\"twitter:card\" content=\"summary_large_image\" \/>\n<meta name=\"twitter:label1\" content=\"Tahmini okuma s\u00fcresi\" \/>\n\t<meta name=\"twitter:data1\" content=\"1 dakika\" \/>\n<!-- \/ Yoast SEO Premium plugin. -->","yoast_head_json":{"title":"\u0130rem Ceylan | Kariyer Rehberi","description":"Marmara \u00dcniversitesi T\u00fcrk Dili ve Edebiyat\u0131 B\u00f6l\u00fcm\u00fc'nde okurken dershanelerde \u00f6\u011fretmenlik deneyimleri oldu. Ayn\u0131 \u00fcniversitede Pedagojik Formasyon e\u011fitimi alarak \u00f6\u011fretmen s\u0131fat\u0131n\u0131 ald\u0131 ve liselerde T\u00fcrk\u00e7e, T\u00fcrk Dili ve Edebiyat\u0131 dersleri verdi. Bu deneyimlerin ard\u0131ndan farkl\u0131 bir alana y\u00f6nelerek dergilerin m\u00fczik, etkinlik ve k\u00fclt\u00fcr-sanat sayfalar\u0131n\u0131n edit\u00f6rl\u00fc\u011f\u00fcn\u00fc \u00fcstlendi, dergiler i\u00e7in \u00e7eviriler yapt\u0131. K\u0131sa bir s\u00fcre reklam ve organizasyon firmalar\u0131 i\u00e7in metin yazarl\u0131\u011f\u0131 g\u00f6revinde bulunduktan sonra internet habercili\u011fi alan\u0131nda \u00e7al\u0131\u015fmaya ba\u015flad\u0131. \u00c7e\u015fitli portallarda haber ve sayfa edit\u00f6rl\u00fc\u011f\u00fc, sosyal medya y\u00f6netimi yapt\u0131. 2014'\u00fcn Ocak ay\u0131nda Kariyer.net'te \u0130\u00e7erik Y\u00f6neticisi olarak g\u00f6rev almaya ba\u015flad\u0131.","robots":{"index":"index","follow":"follow","max-snippet":"max-snippet:-1","max-image-preview":"max-image-preview:large","max-video-preview":"max-video-preview:-1"},"canonical":"https:\/\/www.kariyer.net\/kariyer-rehberi\/irem-ceylan\/","og_locale":"tr_TR","og_type":"article","og_title":"\u0130rem Ceylan","og_description":"Marmara \u00dcniversitesi T\u00fcrk Dili ve Edebiyat\u0131 B\u00f6l\u00fcm\u00fc'nde okurken dershanelerde \u00f6\u011fretmenlik deneyimleri oldu. Ayn\u0131 \u00fcniversitede Pedagojik Formasyon e\u011fitimi","og_url":"https:\/\/www.kariyer.net\/kariyer-rehberi\/irem-ceylan\/","og_site_name":"Kariyer Rehberi","article_modified_time":"2014-04-01T14:05:57+00:00","og_image":[{"url":"http:\/\/92.45.35.169\/kariyer-rehberi\/wp-content\/uploads\/2014\/02\/iremceylan-200x250.jpg","type":"","width":"","height":""}],"twitter_card":"summary_large_image","twitter_misc":{"Tahmini okuma s\u00fcresi":"1 dakika"},"schema":{"@context":"https:\/\/schema.org","@graph":[{"@type":"WebPage","@id":"https:\/\/www.kariyer.net\/kariyer-rehberi\/irem-ceylan\/","url":"https:\/\/www.kariyer.net\/kariyer-rehberi\/irem-ceylan\/","name":"\u0130rem Ceylan | Kariyer Rehberi","isPartOf":{"@id":"https:\/\/www.kariyer.net\/kariyer-rehberi\/#website"},"primaryImageOfPage":{"@id":"https:\/\/www.kariyer.net\/kariyer-rehberi\/irem-ceylan\/#primaryimage"},"image":{"@id":"https:\/\/www.kariyer.net\/kariyer-rehberi\/irem-ceylan\/#primaryimage"},"thumbnailUrl":"http:\/\/92.45.35.169\/kariyer-rehberi\/wp-content\/uploads\/2014\/02\/iremceylan-200x250.jpg","datePublished":"2014-02-23T15:41:20+00:00","dateModified":"2014-04-01T14:05:57+00:00","description":"Marmara \u00dcniversitesi T\u00fcrk Dili ve Edebiyat\u0131 B\u00f6l\u00fcm\u00fc'nde okurken dershanelerde \u00f6\u011fretmenlik deneyimleri oldu. Ayn\u0131 \u00fcniversitede Pedagojik Formasyon e\u011fitimi alarak \u00f6\u011fretmen s\u0131fat\u0131n\u0131 ald\u0131 ve liselerde T\u00fcrk\u00e7e, T\u00fcrk Dili ve Edebiyat\u0131 dersleri verdi. Bu deneyimlerin ard\u0131ndan farkl\u0131 bir alana y\u00f6nelerek dergilerin m\u00fczik, etkinlik ve k\u00fclt\u00fcr-sanat sayfalar\u0131n\u0131n edit\u00f6rl\u00fc\u011f\u00fcn\u00fc \u00fcstlendi, dergiler i\u00e7in \u00e7eviriler yapt\u0131. K\u0131sa bir s\u00fcre reklam ve organizasyon firmalar\u0131 i\u00e7in metin yazarl\u0131\u011f\u0131 g\u00f6revinde bulunduktan sonra internet habercili\u011fi alan\u0131nda \u00e7al\u0131\u015fmaya ba\u015flad\u0131. \u00c7e\u015fitli portallarda haber ve sayfa edit\u00f6rl\u00fc\u011f\u00fc, sosyal medya y\u00f6netimi yapt\u0131. 2014'\u00fcn Ocak ay\u0131nda Kariyer.net'te \u0130\u00e7erik Y\u00f6neticisi olarak g\u00f6rev almaya ba\u015flad\u0131.","breadcrumb":{"@id":"https:\/\/www.kariyer.net\/kariyer-rehberi\/irem-ceylan\/#breadcrumb"},"inLanguage":"tr","potentialAction":[{"@type":"ReadAction","target":["https:\/\/www.kariyer.net\/kariyer-rehberi\/irem-ceylan\/"]}]},{"@type":"ImageObject","inLanguage":"tr","@id":"https:\/\/www.kariyer.net\/kariyer-rehberi\/irem-ceylan\/#primaryimage","url":"http:\/\/92.45.35.169\/kariyer-rehberi\/wp-content\/uploads\/2014\/02\/iremceylan-200x250.jpg","contentUrl":"http:\/\/92.45.35.169\/kariyer-rehberi\/wp-content\/uploads\/2014\/02\/iremceylan-200x250.jpg"},{"@type":"BreadcrumbList","@id":"https:\/\/www.kariyer.net\/kariyer-rehberi\/irem-ceylan\/#breadcrumb","itemListElement":[{"@type":"ListItem","position":1,"name":"Anasayfa","item":"https:\/\/www.kariyer.net\/kariyer-rehberi\/"},{"@type":"ListItem","position":2,"name":"\u0130rem Ceylan"}]},{"@type":"WebSite","@id":"https:\/\/www.kariyer.net\/kariyer-rehberi\/#website","url":"https:\/\/www.kariyer.net\/kariyer-rehberi\/","name":"Kariyer Rehberi","description":"\u0130\u015f D\u00fcnyas\u0131yla \u0130lgili Bilmek \u0130stedi\u011finiz Her \u015eey","publisher":{"@id":"https:\/\/www.kariyer.net\/kariyer-rehberi\/#organization"},"potentialAction":[{"@type":"SearchAction","target":{"@type":"EntryPoint","urlTemplate":"https:\/\/www.kariyer.net\/kariyer-rehberi\/?s={search_term_string}"},"query-input":{"@type":"PropertyValueSpecification","valueRequired":true,"valueName":"search_term_string"}}],"inLanguage":"tr"},{"@type":"Organization","@id":"https:\/\/www.kariyer.net\/kariyer-rehberi\/#organization","name":"Kariyer.net","url":"https:\/\/www.kariyer.net\/kariyer-rehberi\/","logo":{"@type":"ImageObject","inLanguage":"tr","@id":"https:\/\/www.kariyer.net\/kariyer-rehberi\/#\/schema\/logo\/image\/","url":"https:\/\/www.kariyer.net\/kariyer-rehberi-new\/wp-content\/uploads\/2023\/01\/og-image11.jpg","contentUrl":"https:\/\/www.kariyer.net\/kariyer-rehberi-new\/wp-content\/uploads\/2023\/01\/og-image11.jpg","width":800,"height":800,"caption":"Kariyer.net"},"image":{"@id":"https:\/\/www.kariyer.net\/kariyer-rehberi\/#\/schema\/logo\/image\/"}}]}},"_links":{"self":[{"href":"https:\/\/www.kariyer.net\/kariyer-rehberi\/wp-json\/wp\/v2\/pages\/1603","targetHints":{"allow":["GET"]}}],"collection":[{"href":"https:\/\/www.kariyer.net\/kariyer-rehberi\/wp-json\/wp\/v2\/pages"}],"about":[{"href":"https:\/\/www.kariyer.net\/kariyer-rehberi\/wp-json\/wp\/v2\/types\/page"}],"author":[{"embeddable":true,"href":"https:\/\/www.kariyer.net\/kariyer-rehberi\/wp-json\/wp\/v2\/users\/4"}],"replies":[{"embeddable":true,"href":"https:\/\/www.kariyer.net\/kariyer-rehberi\/wp-json\/wp\/v2\/comments?post=1603"}],"version-history":[{"count":0,"href":"https:\/\/www.kariyer.net\/kariyer-rehberi\/wp-json\/wp\/v2\/pages\/1603\/revisions"}],"wp:attachment":[{"href":"https:\/\/www.kariyer.net\/kariyer-rehberi\/wp-json\/wp\/v2\/media?parent=1603"}],"curies":[{"name":"wp","href":"https:\/\/api.w.org\/{rel}","templated":true}]}}