{"id":6668,"date":"2016-01-13T13:33:31","date_gmt":"2016-01-13T11:33:31","guid":{"rendered":"http:\/\/www.kariyer.net\/kariyer-rehberi\/?page_id=6668"},"modified":"2016-01-13T13:43:59","modified_gmt":"2016-01-13T11:43:59","slug":"mehlika-akgun","status":"publish","type":"page","link":"https:\/\/www.kariyer.net\/kariyer-rehberi\/mehlika-akgun\/","title":{"rendered":"Mehlika Akg\u00fcn"},"content":{"rendered":"<p><a href=\"http:\/\/www.kariyer.net\/kariyer-rehberi\/wp-content\/uploads\/2016\/01\/unnamed.jpg\"><img fetchpriority=\"high\" decoding=\"async\" class=\"alignleft wp-image-6669 size-medium\" src=\"http:\/\/www.kariyer.net\/kariyer-rehberi\/wp-content\/uploads\/2016\/01\/unnamed-255x300.jpg\" alt=\"unnamed\" width=\"255\" height=\"300\" srcset=\"https:\/\/www.kariyer.net\/kariyer-rehberi\/wp-content\/uploads\/2016\/01\/unnamed-255x300.jpg 255w, https:\/\/www.kariyer.net\/kariyer-rehberi\/wp-content\/uploads\/2016\/01\/unnamed.jpg 335w\" sizes=\"(max-width: 255px) 100vw, 255px\" \/><\/a>Marmara \u00dcniversitesi\u2019nde T\u00fcrk Dili ve Edebiyat\u0131 B\u00f6l\u00fcm\u00fc\u2019nde lisans, Gazetecilik B\u00f6l\u00fcm\u00fc\u2019nde de y\u00fcksek lisans e\u011fitimini tamamlad\u0131. Meslek hayat\u0131na Cumhuriyet Gazetesi\u2019nde muhabir olarak ba\u015flad\u0131. D\u00f6rt y\u0131ll\u0131k muhabirlik deneyiminin ard\u0131ndan European Voluntary Service program\u0131 kapsam\u0131nda Fransa\u2019n\u0131n Orleans \u015fehrinde yer alan L&#8217;association Labomedia\u2019da medya \u00fczerine \u00e7al\u0131\u015fmalar yapt\u0131. T\u00fcrkiye\u2019ye d\u00f6nd\u00fckten sonra \u0130stanbul \u00dcniversitesi Gazetecilik B\u00f6l\u00fcm\u00fc\u2019nde doktora e\u011fitimine ba\u015flayan Mehlika Akg\u00fcn son olarak Marketing T\u00fcrkiye dergisinde web edit\u00f6r\u00fc olarak g\u00f6rev yapt\u0131.\u00a0 2016 y\u0131l\u0131nda Kariyer.net\u2019e i\u00e7erik y\u00f6neticisi olarak kat\u0131lan Mehlika Akg\u00fcn, \u0130K Blog, Kariyer Rehberi ve Kariyer Dergi i\u00e7in i\u00e7erik \u00fcretiyor.<\/p>\n","protected":false},"excerpt":{"rendered":"<p>Marmara \u00dcniversitesi\u2019nde T\u00fcrk Dili ve Edebiyat\u0131 B\u00f6l\u00fcm\u00fc\u2019nde lisans, Gazetecilik B\u00f6l\u00fcm\u00fc\u2019nde de y\u00fcksek lisans e\u011fitimini tamamlad\u0131. Meslek hayat\u0131na Cumhuriyet Gazetesi\u2019nde muhabir olarak ba\u015flad\u0131. D\u00f6rt y\u0131ll\u0131k muhabirlik deneyiminin ard\u0131ndan European Voluntary Service program\u0131 kapsam\u0131nda Fransa\u2019n\u0131n Orleans \u015fehrinde yer alan L&#8217;association Labomedia\u2019da medya \u00fczerine \u00e7al\u0131\u015fmalar yapt\u0131. T\u00fcrkiye\u2019ye d\u00f6nd\u00fckten sonra \u0130stanbul \u00dcniversitesi Gazetecilik B\u00f6l\u00fcm\u00fc\u2019nde doktora e\u011fitimine ba\u015flayan Mehlika Akg\u00fcn [&hellip;]<\/p>\n","protected":false},"author":12,"featured_media":0,"parent":0,"menu_order":0,"comment_status":"closed","ping_status":"closed","template":"","meta":{"footnotes":"","_elementor_edit_mode":"","_elementor_template_type":"","_elementor_data":"","_elementor_page_settings":null,"_elementor_conditions":[]},"class_list":["post-6668","page","type-page","status-publish"],"yoast_head":"<!-- This site is optimized with the Yoast SEO Premium plugin v21.4 (Yoast SEO v27.5) - https:\/\/yoast.com\/product\/yoast-seo-premium-wordpress\/ -->\n<title>Mehlika Akg\u00fcn | Kariyer Rehberi<\/title>\n<meta name=\"description\" content=\"Marmara \u00dcniversitesi\u2019nde T\u00fcrk Dili ve Edebiyat\u0131 B\u00f6l\u00fcm\u00fc\u2019nde lisans, Gazetecilik B\u00f6l\u00fcm\u00fc\u2019nde de y\u00fcksek lisans e\u011fitimini tamamlad\u0131. Meslek hayat\u0131na Cumhuriyet Gazetesi\u2019nde muhabir olarak ba\u015flad\u0131. D\u00f6rt y\u0131ll\u0131k muhabirlik deneyiminin ard\u0131ndan European Voluntary Service program\u0131 kapsam\u0131nda Fransa\u2019n\u0131n Orleans \u015fehrinde yer alan L&#039;association Labomedia\u2019da medya \u00fczerine \u00e7al\u0131\u015fmalar yapt\u0131. T\u00fcrkiye\u2019ye d\u00f6nd\u00fckten sonra \u0130stanbul \u00dcniversitesi Gazetecilik B\u00f6l\u00fcm\u00fc\u2019nde doktora e\u011fitimine ba\u015flayan Mehlika Akg\u00fcn son olarak Marketing T\u00fcrkiye dergisinde web edit\u00f6r\u00fc olarak g\u00f6rev yapt\u0131.\u00a0 2016 y\u0131l\u0131nda Kariyer.net\u2019e i\u00e7erik y\u00f6neticisi olarak kat\u0131lan Mehlika Akg\u00fcn, \u0130K Blog, Kariyer Rehberi ve Kariyer Dergi i\u00e7in i\u00e7erik \u00fcretiyor.\" \/>\n<meta name=\"robots\" content=\"index, follow, max-snippet:-1, max-image-preview:large, max-video-preview:-1\" \/>\n<link rel=\"canonical\" href=\"https:\/\/www.kariyer.net\/kariyer-rehberi\/mehlika-akgun\/\" \/>\n<meta property=\"og:locale\" content=\"tr_TR\" \/>\n<meta property=\"og:type\" content=\"article\" \/>\n<meta property=\"og:title\" content=\"Mehlika Akg\u00fcn\" \/>\n<meta property=\"og:description\" content=\"Marmara \u00dcniversitesi\u2019nde T\u00fcrk Dili ve Edebiyat\u0131 B\u00f6l\u00fcm\u00fc\u2019nde lisans, Gazetecilik B\u00f6l\u00fcm\u00fc\u2019nde de y\u00fcksek lisans e\u011fitimini tamamlad\u0131. Meslek hayat\u0131na Cumhuriyet\" \/>\n<meta property=\"og:url\" content=\"https:\/\/www.kariyer.net\/kariyer-rehberi\/mehlika-akgun\/\" \/>\n<meta property=\"og:site_name\" content=\"Kariyer Rehberi\" \/>\n<meta property=\"article:modified_time\" content=\"2016-01-13T11:43:59+00:00\" \/>\n<meta property=\"og:image\" content=\"http:\/\/www.kariyer.net\/kariyer-rehberi\/wp-content\/uploads\/2016\/01\/unnamed-255x300.jpg\" \/>\n<meta name=\"twitter:card\" content=\"summary_large_image\" \/>\n<meta name=\"twitter:label1\" content=\"Tahmini okuma s\u00fcresi\" \/>\n\t<meta name=\"twitter:data1\" content=\"1 dakika\" \/>\n<!-- \/ Yoast SEO Premium plugin. -->","yoast_head_json":{"title":"Mehlika Akg\u00fcn | Kariyer Rehberi","description":"Marmara \u00dcniversitesi\u2019nde T\u00fcrk Dili ve Edebiyat\u0131 B\u00f6l\u00fcm\u00fc\u2019nde lisans, Gazetecilik B\u00f6l\u00fcm\u00fc\u2019nde de y\u00fcksek lisans e\u011fitimini tamamlad\u0131. Meslek hayat\u0131na Cumhuriyet Gazetesi\u2019nde muhabir olarak ba\u015flad\u0131. D\u00f6rt y\u0131ll\u0131k muhabirlik deneyiminin ard\u0131ndan European Voluntary Service program\u0131 kapsam\u0131nda Fransa\u2019n\u0131n Orleans \u015fehrinde yer alan L'association Labomedia\u2019da medya \u00fczerine \u00e7al\u0131\u015fmalar yapt\u0131. T\u00fcrkiye\u2019ye d\u00f6nd\u00fckten sonra \u0130stanbul \u00dcniversitesi Gazetecilik B\u00f6l\u00fcm\u00fc\u2019nde doktora e\u011fitimine ba\u015flayan Mehlika Akg\u00fcn son olarak Marketing T\u00fcrkiye dergisinde web edit\u00f6r\u00fc olarak g\u00f6rev yapt\u0131.\u00a0 2016 y\u0131l\u0131nda Kariyer.net\u2019e i\u00e7erik y\u00f6neticisi olarak kat\u0131lan Mehlika Akg\u00fcn, \u0130K Blog, Kariyer Rehberi ve Kariyer Dergi i\u00e7in i\u00e7erik \u00fcretiyor.","robots":{"index":"index","follow":"follow","max-snippet":"max-snippet:-1","max-image-preview":"max-image-preview:large","max-video-preview":"max-video-preview:-1"},"canonical":"https:\/\/www.kariyer.net\/kariyer-rehberi\/mehlika-akgun\/","og_locale":"tr_TR","og_type":"article","og_title":"Mehlika Akg\u00fcn","og_description":"Marmara \u00dcniversitesi\u2019nde T\u00fcrk Dili ve Edebiyat\u0131 B\u00f6l\u00fcm\u00fc\u2019nde lisans, Gazetecilik B\u00f6l\u00fcm\u00fc\u2019nde de y\u00fcksek lisans e\u011fitimini tamamlad\u0131. Meslek hayat\u0131na Cumhuriyet","og_url":"https:\/\/www.kariyer.net\/kariyer-rehberi\/mehlika-akgun\/","og_site_name":"Kariyer Rehberi","article_modified_time":"2016-01-13T11:43:59+00:00","og_image":[{"url":"http:\/\/www.kariyer.net\/kariyer-rehberi\/wp-content\/uploads\/2016\/01\/unnamed-255x300.jpg","type":"","width":"","height":""}],"twitter_card":"summary_large_image","twitter_misc":{"Tahmini okuma s\u00fcresi":"1 dakika"},"schema":{"@context":"https:\/\/schema.org","@graph":[{"@type":"WebPage","@id":"https:\/\/www.kariyer.net\/kariyer-rehberi\/mehlika-akgun\/","url":"https:\/\/www.kariyer.net\/kariyer-rehberi\/mehlika-akgun\/","name":"Mehlika Akg\u00fcn | Kariyer Rehberi","isPartOf":{"@id":"https:\/\/www.kariyer.net\/kariyer-rehberi\/#website"},"primaryImageOfPage":{"@id":"https:\/\/www.kariyer.net\/kariyer-rehberi\/mehlika-akgun\/#primaryimage"},"image":{"@id":"https:\/\/www.kariyer.net\/kariyer-rehberi\/mehlika-akgun\/#primaryimage"},"thumbnailUrl":"http:\/\/www.kariyer.net\/kariyer-rehberi\/wp-content\/uploads\/2016\/01\/unnamed-255x300.jpg","datePublished":"2016-01-13T11:33:31+00:00","dateModified":"2016-01-13T11:43:59+00:00","description":"Marmara \u00dcniversitesi\u2019nde T\u00fcrk Dili ve Edebiyat\u0131 B\u00f6l\u00fcm\u00fc\u2019nde lisans, Gazetecilik B\u00f6l\u00fcm\u00fc\u2019nde de y\u00fcksek lisans e\u011fitimini tamamlad\u0131. Meslek hayat\u0131na Cumhuriyet Gazetesi\u2019nde muhabir olarak ba\u015flad\u0131. D\u00f6rt y\u0131ll\u0131k muhabirlik deneyiminin ard\u0131ndan European Voluntary Service program\u0131 kapsam\u0131nda Fransa\u2019n\u0131n Orleans \u015fehrinde yer alan L'association Labomedia\u2019da medya \u00fczerine \u00e7al\u0131\u015fmalar yapt\u0131. T\u00fcrkiye\u2019ye d\u00f6nd\u00fckten sonra \u0130stanbul \u00dcniversitesi Gazetecilik B\u00f6l\u00fcm\u00fc\u2019nde doktora e\u011fitimine ba\u015flayan Mehlika Akg\u00fcn son olarak Marketing T\u00fcrkiye dergisinde web edit\u00f6r\u00fc olarak g\u00f6rev yapt\u0131.\u00a0 2016 y\u0131l\u0131nda Kariyer.net\u2019e i\u00e7erik y\u00f6neticisi olarak kat\u0131lan Mehlika Akg\u00fcn, \u0130K Blog, Kariyer Rehberi ve Kariyer Dergi i\u00e7in i\u00e7erik \u00fcretiyor.","breadcrumb":{"@id":"https:\/\/www.kariyer.net\/kariyer-rehberi\/mehlika-akgun\/#breadcrumb"},"inLanguage":"tr","potentialAction":[{"@type":"ReadAction","target":["https:\/\/www.kariyer.net\/kariyer-rehberi\/mehlika-akgun\/"]}]},{"@type":"ImageObject","inLanguage":"tr","@id":"https:\/\/www.kariyer.net\/kariyer-rehberi\/mehlika-akgun\/#primaryimage","url":"https:\/\/www.kariyer.net\/kariyer-rehberi\/wp-content\/uploads\/2016\/01\/unnamed.jpg","contentUrl":"https:\/\/www.kariyer.net\/kariyer-rehberi\/wp-content\/uploads\/2016\/01\/unnamed.jpg","width":335,"height":394},{"@type":"BreadcrumbList","@id":"https:\/\/www.kariyer.net\/kariyer-rehberi\/mehlika-akgun\/#breadcrumb","itemListElement":[{"@type":"ListItem","position":1,"name":"Anasayfa","item":"https:\/\/www.kariyer.net\/kariyer-rehberi\/"},{"@type":"ListItem","position":2,"name":"Mehlika Akg\u00fcn"}]},{"@type":"WebSite","@id":"https:\/\/www.kariyer.net\/kariyer-rehberi\/#website","url":"https:\/\/www.kariyer.net\/kariyer-rehberi\/","name":"Kariyer Rehberi","description":"\u0130\u015f D\u00fcnyas\u0131yla \u0130lgili Bilmek \u0130stedi\u011finiz Her \u015eey","publisher":{"@id":"https:\/\/www.kariyer.net\/kariyer-rehberi\/#organization"},"potentialAction":[{"@type":"SearchAction","target":{"@type":"EntryPoint","urlTemplate":"https:\/\/www.kariyer.net\/kariyer-rehberi\/?s={search_term_string}"},"query-input":{"@type":"PropertyValueSpecification","valueRequired":true,"valueName":"search_term_string"}}],"inLanguage":"tr"},{"@type":"Organization","@id":"https:\/\/www.kariyer.net\/kariyer-rehberi\/#organization","name":"Kariyer.net","url":"https:\/\/www.kariyer.net\/kariyer-rehberi\/","logo":{"@type":"ImageObject","inLanguage":"tr","@id":"https:\/\/www.kariyer.net\/kariyer-rehberi\/#\/schema\/logo\/image\/","url":"https:\/\/www.kariyer.net\/kariyer-rehberi-new\/wp-content\/uploads\/2023\/01\/og-image11.jpg","contentUrl":"https:\/\/www.kariyer.net\/kariyer-rehberi-new\/wp-content\/uploads\/2023\/01\/og-image11.jpg","width":800,"height":800,"caption":"Kariyer.net"},"image":{"@id":"https:\/\/www.kariyer.net\/kariyer-rehberi\/#\/schema\/logo\/image\/"}}]}},"_links":{"self":[{"href":"https:\/\/www.kariyer.net\/kariyer-rehberi\/wp-json\/wp\/v2\/pages\/6668","targetHints":{"allow":["GET"]}}],"collection":[{"href":"https:\/\/www.kariyer.net\/kariyer-rehberi\/wp-json\/wp\/v2\/pages"}],"about":[{"href":"https:\/\/www.kariyer.net\/kariyer-rehberi\/wp-json\/wp\/v2\/types\/page"}],"author":[{"embeddable":true,"href":"https:\/\/www.kariyer.net\/kariyer-rehberi\/wp-json\/wp\/v2\/users\/12"}],"replies":[{"embeddable":true,"href":"https:\/\/www.kariyer.net\/kariyer-rehberi\/wp-json\/wp\/v2\/comments?post=6668"}],"version-history":[{"count":0,"href":"https:\/\/www.kariyer.net\/kariyer-rehberi\/wp-json\/wp\/v2\/pages\/6668\/revisions"}],"wp:attachment":[{"href":"https:\/\/www.kariyer.net\/kariyer-rehberi\/wp-json\/wp\/v2\/media?parent=6668"}],"curies":[{"name":"wp","href":"https:\/\/api.w.org\/{rel}","templated":true}]}}